{"id":238773,"date":"2013-08-26T14:32:05","date_gmt":"2013-08-26T12:32:05","guid":{"rendered":"http:\/\/crazyslip.net\/?page_id=238773"},"modified":"2013-08-29T11:32:31","modified_gmt":"2013-08-29T09:32:31","slug":"der-umgang-mit-der-konkurrenz","status":"publish","type":"page","link":"https:\/\/crazyslip.net\/?page_id=238773","title":{"rendered":"Der Umgang mit der Konkurrenz"},"content":{"rendered":"<p><img loading=\"lazy\" decoding=\"async\" class=\"alignleft  wp-image-238794\" alt=\"crazy business \" src=\"https:\/\/crazyslip.net\/wp-content\/uploads\/2013\/08\/umgang.jpg\" width=\"305\" height=\"203\" srcset=\"https:\/\/crazyslip.net\/wp-content\/uploads\/2013\/08\/umgang.jpg 424w, https:\/\/crazyslip.net\/wp-content\/uploads\/2013\/08\/umgang-50x33.jpg 50w, https:\/\/crazyslip.net\/wp-content\/uploads\/2013\/08\/umgang-200x133.jpg 200w, https:\/\/crazyslip.net\/wp-content\/uploads\/2013\/08\/umgang-100x66.jpg 100w, https:\/\/crazyslip.net\/wp-content\/uploads\/2013\/08\/umgang-150x100.jpg 150w\" sizes=\"(max-width: 305px) 100vw, 305px\" \/>Die Crazy Slip Community hat tausende Mitglieder, darunter sowohl Anbieterinnen als auch K\u00e4ufer. Die Anbieterinnen wetteifern dabei untereinander, um m\u00f6glichst viele zahlende Kunden und versuchen, jeweils das beste Angebot zu pr\u00e4sentieren. Da jede Anbieterin ein m\u00f6glichst gro\u00dfes St\u00fcck vom Kuchen haben m\u00f6chte, kommt es zum Wettstreit wie im normalen Berufslebens auch. Das ist normal und auch erw\u00fcnscht. Konkurrenz belebt bekanntlich das Gesch\u00e4ft. Damit es aber nicht zu unangenehmen Spannungen und Streit kommt, sind einige Regeln zu befolgen.<\/p>\n<p><em><br \/>\nRuhe bewahren:<\/em><\/p>\n<p>Nehme geh\u00e4ssige \u00c4u\u00dferungen von anderen Anbieterinnen nicht pers\u00f6nlich und bleibe cool. Argumentiere bei einer Meinungsverschiedenheit sachlich und fair, scheue Dich aber nicht, Missst\u00e4nde direkt per Nachricht an die Mitglieder anzusprechen. Oft handelt es sich auch nur um ein Missverst\u00e4ndnis. Bei groben Beleidigungen, absichtlichem Missbrauch eines Profils oder bei unerlaubten Posts o.\u00e4. kannst Du die Moderatoren ansprechen. Sie k\u00fcmmern sich dann um die Sache.<\/p>\n<p><em>Konzentriere Dich auf Dein Produkt:<\/em><\/p>\n<p>Tu das, was Dir am besten gef\u00e4llt und so, wie Du es willst. Lasse Dich nicht von Leuten verunsichern, die Deine Art der Pr\u00e4sentation bei Crazy Slip kritisieren. Es ist aber sehr klug, konstruktive und gut gemeinte Verbesserungsvorschl\u00e4ge anzunehmen. So lernt man und verbessert sein Produkt und Angebot insgesamt.<\/p>\n<p><em>Freundschaften:<\/em><\/p>\n<p>Bei Crazy Slip kann man Freundschaften mit anderen Mitgliedern eingehen. Nutze das, um Dich auszutauschen und Dein eigenes Netzwerk aufzubauen. So kann man sich auch gegenseitig K\u00e4ufer empfehlen und diese zum Beispiel gezielt ansprechen, denn die Anbieterinnen sind nicht nur Konkurrentinnen, sondern k\u00f6nnen auch Partnerinnen sein. Auch zirkulieren so n\u00fctzliche Infos \u00fcber Neuigkeiten, Trends oder Warnungen vor Fakes schneller.<\/p>\n","protected":false},"excerpt":{"rendered":"<p>Die Crazy Slip Community hat tausende Mitglieder, darunter sowohl Anbieterinnen als auch K\u00e4ufer. Die Anbieterinnen wetteifern dabei untereinander, um m\u00f6glichst viele zahlende Kunden und versuchen, jeweils das beste Angebot zu pr\u00e4sentieren. Da jede Anbieterin ein m\u00f6glichst gro\u00dfes St\u00fcck vom Kuchen haben m\u00f6chte, kommt es zum Wettstreit wie im normalen Berufslebens auch. Das ist normal und [&hellip;]<\/p>\n","protected":false},"author":88440,"featured_media":0,"parent":0,"menu_order":0,"comment_status":"open","ping_status":"open","template":"","meta":{"footnotes":""},"class_list":["post-238773","page","type-page","status-publish","hentry"],"_links":{"self":[{"href":"https:\/\/crazyslip.net\/index.php?rest_route=\/wp\/v2\/pages\/238773"}],"collection":[{"href":"https:\/\/crazyslip.net\/index.php?rest_route=\/wp\/v2\/pages"}],"about":[{"href":"https:\/\/crazyslip.net\/index.php?rest_route=\/wp\/v2\/types\/page"}],"author":[{"embeddable":true,"href":"https:\/\/crazyslip.net\/index.php?rest_route=\/wp\/v2\/users\/88440"}],"replies":[{"embeddable":true,"href":"https:\/\/crazyslip.net\/index.php?rest_route=%2Fwp%2Fv2%2Fcomments&post=238773"}],"version-history":[{"count":8,"href":"https:\/\/crazyslip.net\/index.php?rest_route=\/wp\/v2\/pages\/238773\/revisions"}],"predecessor-version":[{"id":238802,"href":"https:\/\/crazyslip.net\/index.php?rest_route=\/wp\/v2\/pages\/238773\/revisions\/238802"}],"wp:attachment":[{"href":"https:\/\/crazyslip.net\/index.php?rest_route=%2Fwp%2Fv2%2Fmedia&parent=238773"}],"curies":[{"name":"wp","href":"https:\/\/api.w.org\/{rel}","templated":true}]}}