{"id":238727,"date":"2013-08-23T15:27:13","date_gmt":"2013-08-23T13:27:13","guid":{"rendered":"http:\/\/crazyslip.net\/?page_id=238727"},"modified":"2013-08-23T16:35:54","modified_gmt":"2013-08-23T14:35:54","slug":"der-wachsende-duftslip-markt","status":"publish","type":"page","link":"https:\/\/crazyslip.net\/?page_id=238727","title":{"rendered":"Der wachsende Duftslip Markt"},"content":{"rendered":"<p><img loading=\"lazy\" decoding=\"async\" class=\"wp-image-238755 alignright\" alt=\"Slip Markt f\u00fcr Anbieter von Duftw\u00e4sche\" src=\"https:\/\/crazyslip.net\/wp-content\/uploads\/2013\/08\/cs-bild-slipmarkt.jpg\" width=\"275\" height=\"183\" srcset=\"https:\/\/crazyslip.net\/wp-content\/uploads\/2013\/08\/cs-bild-slipmarkt.jpg 424w, https:\/\/crazyslip.net\/wp-content\/uploads\/2013\/08\/cs-bild-slipmarkt-50x33.jpg 50w, https:\/\/crazyslip.net\/wp-content\/uploads\/2013\/08\/cs-bild-slipmarkt-200x133.jpg 200w, https:\/\/crazyslip.net\/wp-content\/uploads\/2013\/08\/cs-bild-slipmarkt-100x66.jpg 100w, https:\/\/crazyslip.net\/wp-content\/uploads\/2013\/08\/cs-bild-slipmarkt-150x100.jpg 150w\" sizes=\"(max-width: 275px) 100vw, 275px\" \/>Ein Trend, der schon seit langem &#8211; aber nach wie vor noch immer im Verborgenen &#8211; in der weiten Welt der Internet Erotik f\u00fcr Furore sorgt: Getragene Slips verkaufen. In dieser Hinsicht waren einst die Asiaten Vorreiter, denn sie wissen schon lange, wie anregend es sein kann, getragene Unterhosen k\u00e4uflich zu erwerben. Denn dieser wunderbare, erregende Effekt, nach dem Eintreffen des geheimnisvollen P\u00e4ckchens an dem bestellten &#8222;Objekt der Begierde&#8220; zu schnuppern und sich im Zuge dessen gen\u00fcsslich den eigenen erotischen Phantasien hinzugeben &#8211; ach, wie unvergleichlich sch\u00f6n!<\/p>\n<p><strong> Etwas Au\u00dfergew\u00f6hnliches offerieren<\/strong><\/p>\n<p>Eine jede Frau, die getragene Slips verkaufen m\u00f6chte, sollte sich in erster Linie der Tatsache bewusst sein, dass ihre Kunden oft schon allein die Vorfreude darauf genie\u00dfen, die von den weiblichen Wesen getragenen Unterh\u00f6schen in H\u00e4nden zu halten. Wie man(n) bzw. frau ja wei\u00df, sind die Herren der Sch\u00f6pfung \u00e4u\u00dferst empf\u00e4nglich f\u00fcr derartige Reize des weiblichen Geschlechts. So sind M\u00e4nner schon anhand von Bildern, erotischen Bewegungen einer sch\u00f6nen Frau, ihren Blicken und nicht zuletzt auch durch weibliche Ger\u00fcche in der Lage, sich selbst sexuell &#8222;in Rage&#8220; zu bringen und sich so ihre &#8222;hei\u00dfen Gedanken&#8220; zu machen. So war es im Laufe der vergangenen Jahre wohl nur eine Frage der Zeit, bis sich der Trend, getragene Slips verkaufen bzw. kaufen zu wollen, auch in hiesigen Gefilden einer nahezu stetig wachsenden Beliebtheit erfreute.<\/p>\n","protected":false},"excerpt":{"rendered":"<p>Ein Trend, der schon seit langem &#8211; aber nach wie vor noch immer im Verborgenen &#8211; in der weiten Welt der Internet Erotik f\u00fcr Furore sorgt: Getragene Slips verkaufen. In dieser Hinsicht waren einst die Asiaten Vorreiter, denn sie wissen schon lange, wie anregend es sein kann, getragene Unterhosen k\u00e4uflich zu erwerben. Denn dieser wunderbare, [&hellip;]<\/p>\n","protected":false},"author":88437,"featured_media":0,"parent":0,"menu_order":0,"comment_status":"open","ping_status":"open","template":"","meta":{"footnotes":""},"class_list":["post-238727","page","type-page","status-publish","hentry"],"_links":{"self":[{"href":"https:\/\/crazyslip.net\/index.php?rest_route=\/wp\/v2\/pages\/238727"}],"collection":[{"href":"https:\/\/crazyslip.net\/index.php?rest_route=\/wp\/v2\/pages"}],"about":[{"href":"https:\/\/crazyslip.net\/index.php?rest_route=\/wp\/v2\/types\/page"}],"author":[{"embeddable":true,"href":"https:\/\/crazyslip.net\/index.php?rest_route=\/wp\/v2\/users\/88437"}],"replies":[{"embeddable":true,"href":"https:\/\/crazyslip.net\/index.php?rest_route=%2Fwp%2Fv2%2Fcomments&post=238727"}],"version-history":[{"count":5,"href":"https:\/\/crazyslip.net\/index.php?rest_route=\/wp\/v2\/pages\/238727\/revisions"}],"predecessor-version":[{"id":238759,"href":"https:\/\/crazyslip.net\/index.php?rest_route=\/wp\/v2\/pages\/238727\/revisions\/238759"}],"wp:attachment":[{"href":"https:\/\/crazyslip.net\/index.php?rest_route=%2Fwp%2Fv2%2Fmedia&parent=238727"}],"curies":[{"name":"wp","href":"https:\/\/api.w.org\/{rel}","templated":true}]}}