{"id":238721,"date":"2013-08-23T14:36:40","date_gmt":"2013-08-23T12:36:40","guid":{"rendered":"http:\/\/crazyslip.net\/?page_id=238721"},"modified":"2013-08-29T11:31:59","modified_gmt":"2013-08-29T09:31:59","slug":"der-perfekte-umgang-mit-deinem-kunden","status":"publish","type":"page","link":"https:\/\/crazyslip.net\/?page_id=238721","title":{"rendered":"Der perfekte Umgang mit Deinem Kunden"},"content":{"rendered":"<p><img loading=\"lazy\" decoding=\"async\" class=\" wp-image-238775 alignleft\" alt=\"Der richtige Umgang\" src=\"https:\/\/crazyslip.net\/wp-content\/uploads\/2013\/08\/kunde-umgang.jpg\" width=\"297\" height=\"198\" srcset=\"https:\/\/crazyslip.net\/wp-content\/uploads\/2013\/08\/kunde-umgang.jpg 424w, https:\/\/crazyslip.net\/wp-content\/uploads\/2013\/08\/kunde-umgang-50x33.jpg 50w, https:\/\/crazyslip.net\/wp-content\/uploads\/2013\/08\/kunde-umgang-200x133.jpg 200w, https:\/\/crazyslip.net\/wp-content\/uploads\/2013\/08\/kunde-umgang-100x66.jpg 100w, https:\/\/crazyslip.net\/wp-content\/uploads\/2013\/08\/kunde-umgang-150x100.jpg 150w\" sizes=\"(max-width: 297px) 100vw, 297px\" \/>Der Verkauf von Slips und H\u00f6schen verlangt von der Anbieterin ein Mindestma\u00df an kaufm\u00e4nnischem Geschick und H\u00e4ndlerqualit\u00e4ten. Wer im Schl\u00fcpfer-Business erfolgreich sein will, muss im Umgang mit dem K\u00e4ufer den richtigen Ton treffen. Daf\u00fcr braucht es Fingerspitzengef\u00fchl und Einf\u00fchlungsverm\u00f6gen. Denke stets daran, dass Du es mit lebenden Menschen zu tun hast, die Gef\u00fchle, W\u00fcnsche und Bed\u00fcrfnisse haben. Sieh Deinen Kunden nicht ausschlie\u00dflich als lebenden Geldautomaten, sondern lasse Dich auf das Spiel ein, um mehr \u00fcber seine Vorlieben zu erfahren. So wirst Du erfolgreich:<\/p>\n<p><em>Manieren:<\/em><\/p>\n<p>Sei beim ersten Kontakt stets freundlich und korrekt. Relativ schnell wirst Du sehen, wie der Hase l\u00e4uft und mit was f\u00fcr einem Typen Du es zu tun hast. Dann kannst Du entscheiden, wie es weitergeht. Lasse Dich nicht provozieren und provoziere nicht grundlos selbst. So vermeidest Du Frust und hast immer Spa\u00df an der Sache.<\/p>\n<p><em>Psychologie:<\/em><\/p>\n<p>Finde heraus, was Dein Kunde will und frage Dich selbst, ob Du bereit bist, ihm das zu geben. Hast Du Spa\u00df daran, dominant zu sein und einen devoten Kunden zu erniedrigen? Ist er ein Gentleman und legt Wert auf gepflegte Umgangsformen und Konversation? Bist Du bereit f\u00fcr Rollenspiele? Dann stelle Dich entsprechend darauf ein. Das hei\u00dft nicht, dass Du Dich VERstellen sollst. Bleibe stets Du selbst! Es bringt nichts, etwas vorzuspielen und sich zu verbiegen. Das ist erstens unangenehm und wird auch schnell erkannt. Lehne Kunden, Anfragen und Deals ab, bei denen Du Dich nicht wohl f\u00fchlst.<\/p>\n<p><em>Sicherheit:<\/em><\/p>\n<p>\u00dcberall auf der Welt gibt es schwarze Schafe. Die Crazy Slip Community ist gro\u00df und hier und da sind zwielichtige Typen unterwegs, denen nicht zu trauen ist. Vorsicht daher bei der Preisgabe von empfindlichen Daten wie Deinem b\u00fcrgerlichen Namen, Telefonnummer, Wohnort, etc. Ein absolutes No-Go sind P\u00e4dophile oder Personen, die mit Gewalt drohen. Diese sind umgehend zu melden, damit ihre Profile geblockt werden k\u00f6nnen.<\/p>\n<p><em>Zuverl\u00e4ssigkeit:<\/em><\/p>\n<p>Halte Dich an Absprachen und Vereinbarungen. Handele stets korrekt und seri\u00f6s, wenn es ums Gesch\u00e4ft geht. Sorge daf\u00fcr, dass Deine Lieferungen die Qualit\u00e4t haben, die Du zugesagt hast. Du hast daf\u00fcr auch das Recht, von Deinem Kunden fristgerechte Zahlung zu fordern und darauf zu bestehen.<\/p>\n","protected":false},"excerpt":{"rendered":"<p>Der Verkauf von Slips und H\u00f6schen verlangt von der Anbieterin ein Mindestma\u00df an kaufm\u00e4nnischem Geschick und H\u00e4ndlerqualit\u00e4ten. Wer im Schl\u00fcpfer-Business erfolgreich sein will, muss im Umgang mit dem K\u00e4ufer den richtigen Ton treffen. Daf\u00fcr braucht es Fingerspitzengef\u00fchl und Einf\u00fchlungsverm\u00f6gen. Denke stets daran, dass Du es mit lebenden Menschen zu tun hast, die Gef\u00fchle, W\u00fcnsche und [&hellip;]<\/p>\n","protected":false},"author":88440,"featured_media":0,"parent":0,"menu_order":0,"comment_status":"open","ping_status":"open","template":"","meta":{"footnotes":""},"class_list":["post-238721","page","type-page","status-publish","hentry"],"_links":{"self":[{"href":"https:\/\/crazyslip.net\/index.php?rest_route=\/wp\/v2\/pages\/238721"}],"collection":[{"href":"https:\/\/crazyslip.net\/index.php?rest_route=\/wp\/v2\/pages"}],"about":[{"href":"https:\/\/crazyslip.net\/index.php?rest_route=\/wp\/v2\/types\/page"}],"author":[{"embeddable":true,"href":"https:\/\/crazyslip.net\/index.php?rest_route=\/wp\/v2\/users\/88440"}],"replies":[{"embeddable":true,"href":"https:\/\/crazyslip.net\/index.php?rest_route=%2Fwp%2Fv2%2Fcomments&post=238721"}],"version-history":[{"count":4,"href":"https:\/\/crazyslip.net\/index.php?rest_route=\/wp\/v2\/pages\/238721\/revisions"}],"predecessor-version":[{"id":238801,"href":"https:\/\/crazyslip.net\/index.php?rest_route=\/wp\/v2\/pages\/238721\/revisions\/238801"}],"wp:attachment":[{"href":"https:\/\/crazyslip.net\/index.php?rest_route=%2Fwp%2Fv2%2Fmedia&parent=238721"}],"curies":[{"name":"wp","href":"https:\/\/api.w.org\/{rel}","templated":true}]}}