{"id":238687,"date":"2013-08-22T14:46:15","date_gmt":"2013-08-22T12:46:15","guid":{"rendered":"http:\/\/crazyslip.net\/?page_id=238687"},"modified":"2013-08-23T16:13:41","modified_gmt":"2013-08-23T14:13:41","slug":"umsaetze-im-hoeschen-business-steigern","status":"publish","type":"page","link":"https:\/\/crazyslip.net\/?page_id=238687","title":{"rendered":"Ums\u00e4tze im H\u00f6schen Business steigern"},"content":{"rendered":"<p><img loading=\"lazy\" decoding=\"async\" class=\" wp-image-238746 alignleft\" alt=\"Geld im Business H\u00f6schen\" src=\"https:\/\/crazyslip.net\/wp-content\/uploads\/2013\/08\/cs-bild-verdienst-slipsverkauf.jpg\" width=\"340\" height=\"226\" srcset=\"https:\/\/crazyslip.net\/wp-content\/uploads\/2013\/08\/cs-bild-verdienst-slipsverkauf.jpg 425w, https:\/\/crazyslip.net\/wp-content\/uploads\/2013\/08\/cs-bild-verdienst-slipsverkauf-50x33.jpg 50w, https:\/\/crazyslip.net\/wp-content\/uploads\/2013\/08\/cs-bild-verdienst-slipsverkauf-200x132.jpg 200w, https:\/\/crazyslip.net\/wp-content\/uploads\/2013\/08\/cs-bild-verdienst-slipsverkauf-100x66.jpg 100w, https:\/\/crazyslip.net\/wp-content\/uploads\/2013\/08\/cs-bild-verdienst-slipsverkauf-150x99.jpg 150w\" sizes=\"(max-width: 340px) 100vw, 340px\" \/>Du hast bereits einen Crazyslip Account und eine ausgef\u00fcllte Profilcard und nutzt bereits das anonym CS Shopsystem? In dem Fall beantworten sich die eingehenden Kundenanfragen quasi wie von selbst. Was allerdings keineswegs bedeutet, dass Du nun eine Art automatisiertes System zur Verf\u00fcgung h\u00e4ttest, mit welchem das Geld von allein auf Dein Konto eingeht&#8230; &#8211; Es ist von Grund auf erforderlich, die eingehenden Bestellungen und Anfragen-Mails umgehend und pers\u00f6nlich zu beantworten. Denn schlie\u00dflich zielst Du es mit Deinem neuen &#8222;Unternehmen&#8220; doch darauf ab, Dir (langfristig) einen Kundenstamm aufzubauen, nicht wahr? Je besser Du also von Anfang an Deine (potenziellen) Kunden betreust, desto eher ist man(n) bereit, auch das n\u00e4chste Mal wieder Deine Produkte zu kaufen oder Deine Dienstleistungen in Anspruch zu nehmen. \u00dcberzeuge dar\u00fcber hinaus durch ein H\u00f6chstma\u00df an Freundlichkeit &#8211; und versuche gleichwohl, Dich durch einen ganz besonderen Service von der Konkurrenz abzuheben. Anspruchsvolle Kunden werden dies in jedem Fall zu sch\u00e4tzen wissen und kommen wieder auf Dich zu.<\/p>\n<p>Wie im klassischen unternehmerischen Bereich schadet es im \u00dcbrigen nicht, ein so genanntes Alleinstellungsmerkmal zu haben; also eine Eigenschaft, die (nur) Dich auszeichnet. Ganz egal, ob es ein &#8222;\u00dcber-Nacht-Service&#8220; ist, ob Du jeden Tag mit neuen Produkten bzw. Slips aufwartest, ob Du besonders schnell lieferst oder vielleicht sogar eine ganz besondere Duftmarke hast. Es ist sehr wichtig, dass Du hier einen Unterschied zu anderen Anbieterinnen machst. Wenn es Dir n\u00e4mlich gelingt, eine Art Wiedererkennungswert zu schaffen, werden die &#8222;Herrschaften&#8220; mit an Sicherheit grenzender Wahrscheinlichkeit immer wieder gerne bei &#8222;ihrer&#8220; Slip-Sellerin einkaufen. Und wer wei\u00df &#8211; vielleicht kaufen sie beim n\u00e4chsten Mal die doppelte Anzahl an Slips oder zahlen 100 \u20ac statt 50\u20ac?<\/p>\n","protected":false},"excerpt":{"rendered":"<p>Du hast bereits einen Crazyslip Account und eine ausgef\u00fcllte Profilcard und nutzt bereits das anonym CS Shopsystem? In dem Fall beantworten sich die eingehenden Kundenanfragen quasi wie von selbst. Was allerdings keineswegs bedeutet, dass Du nun eine Art automatisiertes System zur Verf\u00fcgung h\u00e4ttest, mit welchem das Geld von allein auf Dein Konto eingeht&#8230; &#8211; Es [&hellip;]<\/p>\n","protected":false},"author":88437,"featured_media":0,"parent":0,"menu_order":0,"comment_status":"open","ping_status":"open","template":"","meta":{"footnotes":""},"class_list":["post-238687","page","type-page","status-publish","hentry"],"_links":{"self":[{"href":"https:\/\/crazyslip.net\/index.php?rest_route=\/wp\/v2\/pages\/238687"}],"collection":[{"href":"https:\/\/crazyslip.net\/index.php?rest_route=\/wp\/v2\/pages"}],"about":[{"href":"https:\/\/crazyslip.net\/index.php?rest_route=\/wp\/v2\/types\/page"}],"author":[{"embeddable":true,"href":"https:\/\/crazyslip.net\/index.php?rest_route=\/wp\/v2\/users\/88437"}],"replies":[{"embeddable":true,"href":"https:\/\/crazyslip.net\/index.php?rest_route=%2Fwp%2Fv2%2Fcomments&post=238687"}],"version-history":[{"count":4,"href":"https:\/\/crazyslip.net\/index.php?rest_route=\/wp\/v2\/pages\/238687\/revisions"}],"predecessor-version":[{"id":238749,"href":"https:\/\/crazyslip.net\/index.php?rest_route=\/wp\/v2\/pages\/238687\/revisions\/238749"}],"wp:attachment":[{"href":"https:\/\/crazyslip.net\/index.php?rest_route=%2Fwp%2Fv2%2Fmedia&parent=238687"}],"curies":[{"name":"wp","href":"https:\/\/api.w.org\/{rel}","templated":true}]}}