{"id":238637,"date":"2013-08-21T14:59:09","date_gmt":"2013-08-21T12:59:09","guid":{"rendered":"http:\/\/crazyslip.net\/?page_id=238637"},"modified":"2013-08-23T15:41:42","modified_gmt":"2013-08-23T13:41:42","slug":"waesche-fetisch-etwas-besonderes","status":"publish","type":"page","link":"https:\/\/crazyslip.net\/?page_id=238637","title":{"rendered":"W\u00e4sche Fetisch &#8211; etwas Besonderes"},"content":{"rendered":"<p><img loading=\"lazy\" decoding=\"async\" class=\"size-full wp-image-238729 alignleft\" alt=\"Sexy Slips W\u00e4sche Fetisch\" src=\"https:\/\/crazyslip.net\/wp-content\/uploads\/2013\/08\/cs-bild-slip.jpg\" width=\"283\" height=\"424\" srcset=\"https:\/\/crazyslip.net\/wp-content\/uploads\/2013\/08\/cs-bild-slip.jpg 283w, https:\/\/crazyslip.net\/wp-content\/uploads\/2013\/08\/cs-bild-slip-33x50.jpg 33w, https:\/\/crazyslip.net\/wp-content\/uploads\/2013\/08\/cs-bild-slip-100x150.jpg 100w, https:\/\/crazyslip.net\/wp-content\/uploads\/2013\/08\/cs-bild-slip-66x100.jpg 66w\" sizes=\"(max-width: 283px) 100vw, 283px\" \/>Was hat es aber genau mit dem W\u00e4sche-Fetisch auf sich? Warum sind so viele Menschen verr\u00fcckt nach getragenen Slips? Die verf\u00fchrerische Optik eines getragenen Damenslips einerseits, der verlockende Duft andererseits &#8211; das ist es, was M\u00e4nner wollen. Wissenswert hierbei ist, dass jedes weibliche Wesen auf diese oder andere Weise K\u00f6rperfl\u00fcssigkeiten absondert, wobei diesbez\u00fcglich ein Slip eine ganz besondere Rolle spielt. Die Fl\u00fcssigkeit (und wenn auch nur in Form kleinster Tr\u00f6pfchen) aus der Vagina einer sch\u00f6nen Frau ist voller Pheromone, also &#8222;verlockender&#8220; Sexualstoffe, die bei M\u00e4nnern oftmals durchaus gar ekstatische Fantasien hervorrufen k\u00f6nnen. H\u00e4lt ein Mann einen getragenen Damenslip in H\u00e4nden, ist es f\u00fcr ihn quasi wie eine Sucht, wie ein Drang, daran zu schn\u00fcffeln und den Duft der Frau mitsamt der Pheromone zu inhalieren. Dabei wird sein Lust-Zentrum im Gehirn auf Hochtouren gebracht: Sogleich kommen ihm die sch\u00f6nsten Sex-Phantasien in den Sinn; seine geheimsten W\u00fcnsche werden &#8211; zumindest vor seinem geistigen Auge &#8211; wahr.<\/p>\n<p>Nat\u00fcrlich ist es nur von untergeordneter Bedeutung, ob M\u00e4nner, die getragene Slips von Frauen lieben, im &#8222;normalen Alltag&#8220; ein ausgef\u00fclltes Sex-Leben haben, oder ob sie Tag f\u00fcr Tag in der N\u00e4he einer ganz bestimmten Frau sind, mit der sie sich zwar das eine oder andere sexuelle Abenteuer herbeisehnen, es aber &#8211; aus welchen Gr\u00fcnden auch immer &#8211; schlichtweg nicht d\u00fcrfen. Vielleicht, weil die betreffende Frau vergeben ist, zu jung oder zu eng mit dem Tr\u00e4umer verwandt ist. Gleichwohl greifen Herren, die ungl\u00fccklich verliebt sind, immer wieder gerne zu getragenen Unterh\u00f6schen. Nur selten ist es ihnen m\u00f6glich, die originalen getragenen Slips ihrer Angebeteten in H\u00e4nden zu halten und den Duft zu erschnuppern. Deshalb ist f\u00fcr sie die M\u00f6glichkeit, im Internet anonym die Slips anderer erotischer Damen kaufen zu k\u00f6nnen, geradezu eine &#8222;Offenbarung&#8220;.<\/p>\n","protected":false},"excerpt":{"rendered":"<p>Was hat es aber genau mit dem W\u00e4sche-Fetisch auf sich? Warum sind so viele Menschen verr\u00fcckt nach getragenen Slips? Die verf\u00fchrerische Optik eines getragenen Damenslips einerseits, der verlockende Duft andererseits &#8211; das ist es, was M\u00e4nner wollen. Wissenswert hierbei ist, dass jedes weibliche Wesen auf diese oder andere Weise K\u00f6rperfl\u00fcssigkeiten absondert, wobei diesbez\u00fcglich ein Slip [&hellip;]<\/p>\n","protected":false},"author":88437,"featured_media":0,"parent":0,"menu_order":0,"comment_status":"open","ping_status":"open","template":"","meta":{"footnotes":""},"class_list":["post-238637","page","type-page","status-publish","hentry"],"_links":{"self":[{"href":"https:\/\/crazyslip.net\/index.php?rest_route=\/wp\/v2\/pages\/238637"}],"collection":[{"href":"https:\/\/crazyslip.net\/index.php?rest_route=\/wp\/v2\/pages"}],"about":[{"href":"https:\/\/crazyslip.net\/index.php?rest_route=\/wp\/v2\/types\/page"}],"author":[{"embeddable":true,"href":"https:\/\/crazyslip.net\/index.php?rest_route=\/wp\/v2\/users\/88437"}],"replies":[{"embeddable":true,"href":"https:\/\/crazyslip.net\/index.php?rest_route=%2Fwp%2Fv2%2Fcomments&post=238637"}],"version-history":[{"count":4,"href":"https:\/\/crazyslip.net\/index.php?rest_route=\/wp\/v2\/pages\/238637\/revisions"}],"predecessor-version":[{"id":238732,"href":"https:\/\/crazyslip.net\/index.php?rest_route=\/wp\/v2\/pages\/238637\/revisions\/238732"}],"wp:attachment":[{"href":"https:\/\/crazyslip.net\/index.php?rest_route=%2Fwp%2Fv2%2Fmedia&parent=238637"}],"curies":[{"name":"wp","href":"https:\/\/api.w.org\/{rel}","templated":true}]}}