{"id":238631,"date":"2013-08-21T14:11:51","date_gmt":"2013-08-21T12:11:51","guid":{"rendered":"http:\/\/crazyslip.net\/?page_id=238631"},"modified":"2013-08-21T14:11:51","modified_gmt":"2013-08-21T12:11:51","slug":"pheromone-sexuallockstoffe","status":"publish","type":"page","link":"https:\/\/crazyslip.net\/?page_id=238631","title":{"rendered":"Pheromone &#8211; Sexuallockstoffe"},"content":{"rendered":"<p>Pheromone sind Botenstoffe, die direkt in das Gehirn gehen. Sobald ein leicht verschwitzter Mann an einer Frau vorbeigeht und diese den K\u00f6rpergeruch aufnehmen kann, bessert sich schlagartig ihre Stimmung. Dieses Hochgef\u00fchl kann sogar zu einer sexuellen Erregung werden. Nicht umsonst schn\u00fcffeln weltweit <a title=\"Frauen haben auch den Geruchsfetisch\" href=\"https:\/\/crazyslip.net\/magazin\/nicht-nur-maenner-haben-den-geruchsfetisch\">Frauen<\/a> und M\u00e4nner mit Vergn\u00fcgen an getragener Unterw\u00e4sche. Diese enth\u00e4lt Pheromone, die sich auf den menschlichen direkt \u00fcber die Nervenbahnen zum Gehirn auswirken. Du kannst Dich gegen die Wirkung dieser Duftstoffe nicht wehren, ob Du m\u00f6chtest oder nicht. Pheromone k\u00f6nnen regelrecht verzaubern und eine Wirkung erzeugen, die Du nicht bewusst erkl\u00e4ren kannst.<\/p>\n<p><strong>Pheromone steigern die Attraktivit\u00e4t<\/strong><\/p>\n<p>Durch die Wirkung und den Duft von Pheromonen findest Du Menschen attraktiv, ohne Dir die Attraktivit\u00e4t erkl\u00e4ren zu k\u00f6nnen. Diese Attraktivit\u00e4t bezieht sich nicht auf \u00c4u\u00dferlichkeiten, sondern wird durch einen unbeschreiblichen Duft erkl\u00e4rt. Du f\u00fchlst Dich pl\u00f6tzlich zu einem Menschen hingezogen und w\u00fcnscht Dir eine intensive k\u00f6rperliche N\u00e4he, nur weil Du von einem unerkl\u00e4rlichen Duft bet\u00f6rt bist. Einige Parfumhersteller machen sich die Wirkung zu Nutzen. Sie reichern ihre Produkte mit Pheromonen an und Du bist bei fremden Menschen sofort beliebt.<\/p>\n<p>Es ist daher vollkommen normal, dass Du gerne an getragenen Kleidungsst\u00fccken riechst, die eine geliebte Person getragen hat. Allein durch den Geruch der Pheromone f\u00fchlst Du Dich wohl und geborgen. Ein Zustand, in dem Du eigentlich immer sein m\u00f6chtest, weil er so angenehm ist. Vielleicht hast Du Dich auch schon einmal dabei ertappt, dass Du in die andere Betth\u00e4lfte gekrabbelt bist, wenn Dein Partner\/in gerade nicht da war, weil es dort so angenehm roch.<\/p>\n<p><strong>D\u00fcfte bestimmen die Partnerwahl<\/strong><\/p>\n<p>Instinktiv sucht man sich seinen Partner nach dem Duft aus. Manche K\u00f6rperger\u00fcche kann man gar nicht ertragen, es wird einem fast \u00fcbel. Diese Person w\u00fcrdest Du nie zum Partner w\u00e4hlen. Andere Menschen dagegen wirken durch ihren K\u00f6rpergeruch so positiv auf Dich, dass Du deren N\u00e4he suchst. Du vertraust diesen Personen von Anfang an, weil der Geruch keine negativen Gef\u00fchle zulassen w\u00fcrde. Frischer Schwei\u00df beinhaltet besonders viele Pheromone und stinkt, trotz vieler gegenteiliger Behauptungen, absolut nicht. Schwei\u00df beginnt erst \u00fcbel zu riechen, wenn er durch Milchs\u00e4urebakterien zersetzt wird. Diese chemisch\/biologische Umwandlung bewirkt die Geruchsver\u00e4nderung. Frischer Schwei\u00df kann regelrecht bet\u00f6rend und anziehend wirken.<\/p>\n<p><strong>Pheromone steigern die Sexualit\u00e4t<\/strong><\/p>\n<p>Bei ausgiebiger k\u00f6rperlicher Liebe ger\u00e4t man immer leicht ins Schwitzen. Dieser Effekt und die dadurch hervorgerufene Geruchsbildung steigern die sexuelle Lust enorm. Pheromone k\u00f6nnte man auch als nat\u00fcrliches Aphrodisiakum bezeichnen, da nicht nur Deine Lust auf Sexualit\u00e4t gesteigert wird, sondern auch die Ausdauer. Diese Art von Schwei\u00df hat nichts mit schmutzig sein zu tun. Es handelt sich hier um normale k\u00f6rperliche Ausd\u00fcnstungen, die wichtig sind und nicht immer gleich abgewaschen werden m\u00fcssen. Pheromone steigern die Leidenschaft. Es ist auch auff\u00e4llig, dass Du, wenn Du ein ausschweifendes sexuelles Erlebnis hattest und nicht gleicht duscht, auf der Stra\u00dfe von anderen Menschen eher wahrgenommen wirst. Frauen oder M\u00e4nner versuchen mit Dir zu flirten, die es sonst noch nie versucht haben. Sie riechen unterbewusst den Geruch der Pheromone in Verbindung mit Sexualit\u00e4t an Dir und f\u00fchlen sich angezogen. Deine Attraktivit\u00e4t steigert sich dadurch enorm.<\/p>\n","protected":false},"excerpt":{"rendered":"<p>Pheromone sind Botenstoffe, die direkt in das Gehirn gehen. Sobald ein leicht verschwitzter Mann an einer Frau vorbeigeht und diese den K\u00f6rpergeruch aufnehmen kann, bessert sich schlagartig ihre Stimmung. Dieses Hochgef\u00fchl kann sogar zu einer sexuellen Erregung werden. Nicht umsonst schn\u00fcffeln weltweit Frauen und M\u00e4nner mit Vergn\u00fcgen an getragener Unterw\u00e4sche. Diese enth\u00e4lt Pheromone, die sich [&hellip;]<\/p>\n","protected":false},"author":88437,"featured_media":0,"parent":0,"menu_order":0,"comment_status":"open","ping_status":"open","template":"","meta":{"footnotes":""},"class_list":["post-238631","page","type-page","status-publish","hentry"],"_links":{"self":[{"href":"https:\/\/crazyslip.net\/index.php?rest_route=\/wp\/v2\/pages\/238631"}],"collection":[{"href":"https:\/\/crazyslip.net\/index.php?rest_route=\/wp\/v2\/pages"}],"about":[{"href":"https:\/\/crazyslip.net\/index.php?rest_route=\/wp\/v2\/types\/page"}],"author":[{"embeddable":true,"href":"https:\/\/crazyslip.net\/index.php?rest_route=\/wp\/v2\/users\/88437"}],"replies":[{"embeddable":true,"href":"https:\/\/crazyslip.net\/index.php?rest_route=%2Fwp%2Fv2%2Fcomments&post=238631"}],"version-history":[{"count":1,"href":"https:\/\/crazyslip.net\/index.php?rest_route=\/wp\/v2\/pages\/238631\/revisions"}],"predecessor-version":[{"id":238632,"href":"https:\/\/crazyslip.net\/index.php?rest_route=\/wp\/v2\/pages\/238631\/revisions\/238632"}],"wp:attachment":[{"href":"https:\/\/crazyslip.net\/index.php?rest_route=%2Fwp%2Fv2%2Fmedia&parent=238631"}],"curies":[{"name":"wp","href":"https:\/\/api.w.org\/{rel}","templated":true}]}}