{"id":238629,"date":"2013-08-21T13:56:15","date_gmt":"2013-08-21T11:56:15","guid":{"rendered":"http:\/\/crazyslip.net\/?page_id=238629"},"modified":"2013-08-21T13:57:07","modified_gmt":"2013-08-21T11:57:07","slug":"der-fake-check","status":"publish","type":"page","link":"https:\/\/crazyslip.net\/?page_id=238629","title":{"rendered":"Der Fake Check"},"content":{"rendered":"<p>Im Internet, speziell in Communities sind leider oft Profile anzutreffen, hinter denen sich nicht die jeweilige echte Person verbirgt. Sogenannte Fakes, gilt es rechtzeitig zu erkennen. Denn meist haben Fakes nichts gutes im Sinn, und spielen dem Gegen\u00fcber oft mehr vor, als nur eine falsche Identit\u00e4t. Im W\u00e4sche Business kann ein freiwilliger Fakecheck daher direkt das Vertrauen zwischen K\u00e4ufer und Anbieterin herstellen, so dass eine Deal direkt abgeschlossen werden kann.<\/p>\n<p><strong>Der Fake-Check kann mit Hilfe eines Fotos oder eines Videos durchgef\u00fchrt werden.<\/strong><\/p>\n<p><strong>Vorteile f\u00fcr Dich: <\/strong><br \/>\n&#8211; Potentielle K\u00e4ufer trauen Dir auf Anhieb und Du erh\u00e4lst mehr Bestellungen.<br \/>\n&#8211; Du bekommst innerhalb der Community ein besseres Standing<br \/>\n&#8211; Du erh\u00e4lst mehr Sichtungen im Netzwerk<\/p>\n<p><strong>Die<\/strong> <strong>Verifizierung &#8211; So einfach geht\u00b4s:<\/strong><br \/>\nAlles was Du f\u00fcr deine Verifikation ben\u00f6tigst, ist eine Beweisbild oder ein Video von Dir. Dein Gesicht muss hierbei nicht zwingend zu erkennen sein.<\/p>\n<p>In einer Hand solltest Du einen Din A4 Zettel halten, auf dem gut lesbar und in Handschrift (z.B mit einem Edding) folgende Punkte geschrieben stehen:<\/p>\n<p>1) Dein Nutzername bei CS<br \/>\n2) Das Datum des Tages<br \/>\n3) Crazyslip.com (oder crazyslip.net)<br \/>\n4) &#8222;Ich bin 100% echt!&#8220; oder &#8222;100% Kein Fake&#8220;<\/p>\n<p>Mit auf das Bild oder Video muss zudem ein nicht getragenes Unterw\u00e4sche St\u00fcck nach Wahl (z.B ein BH). Erst wenn Zettel , ein seperates W\u00e4schest\u00fcck nach Wahl und die Beschriftung\u00a0 mit Dir auf einem Foto abgelichtet sind, hast Du die Verifizierung bestanden. Lade das &#8222;Beweisbild Deiner Echtheit&#8220; einfach in Dein Foto-Album, damit jeder sehen kann, dass es Dich wirklich gibt.<\/p>\n","protected":false},"excerpt":{"rendered":"<p>Im Internet, speziell in Communities sind leider oft Profile anzutreffen, hinter denen sich nicht die jeweilige echte Person verbirgt. Sogenannte Fakes, gilt es rechtzeitig zu erkennen. Denn meist haben Fakes nichts gutes im Sinn, und spielen dem Gegen\u00fcber oft mehr vor, als nur eine falsche Identit\u00e4t. Im W\u00e4sche Business kann ein freiwilliger Fakecheck daher direkt [&hellip;]<\/p>\n","protected":false},"author":88437,"featured_media":0,"parent":0,"menu_order":0,"comment_status":"open","ping_status":"open","template":"","meta":{"footnotes":""},"class_list":["post-238629","page","type-page","status-publish","hentry"],"_links":{"self":[{"href":"https:\/\/crazyslip.net\/index.php?rest_route=\/wp\/v2\/pages\/238629"}],"collection":[{"href":"https:\/\/crazyslip.net\/index.php?rest_route=\/wp\/v2\/pages"}],"about":[{"href":"https:\/\/crazyslip.net\/index.php?rest_route=\/wp\/v2\/types\/page"}],"author":[{"embeddable":true,"href":"https:\/\/crazyslip.net\/index.php?rest_route=\/wp\/v2\/users\/88437"}],"replies":[{"embeddable":true,"href":"https:\/\/crazyslip.net\/index.php?rest_route=%2Fwp%2Fv2%2Fcomments&post=238629"}],"version-history":[{"count":1,"href":"https:\/\/crazyslip.net\/index.php?rest_route=\/wp\/v2\/pages\/238629\/revisions"}],"predecessor-version":[{"id":238630,"href":"https:\/\/crazyslip.net\/index.php?rest_route=\/wp\/v2\/pages\/238629\/revisions\/238630"}],"wp:attachment":[{"href":"https:\/\/crazyslip.net\/index.php?rest_route=%2Fwp%2Fv2%2Fmedia&parent=238629"}],"curies":[{"name":"wp","href":"https:\/\/api.w.org\/{rel}","templated":true}]}}