{"id":238569,"date":"2013-08-16T14:32:59","date_gmt":"2013-08-16T12:32:59","guid":{"rendered":"http:\/\/crazyslip.net\/neu\/?page_id=238569"},"modified":"2013-08-22T16:29:08","modified_gmt":"2013-08-22T14:29:08","slug":"vorteil-info","status":"publish","type":"page","link":"https:\/\/crazyslip.net\/?page_id=238569","title":{"rendered":"Deine Vorteile"},"content":{"rendered":"<p><strong>Tausende potentielle Kunden<br \/>\n<\/strong>Crazyslip verf\u00fcgt mit \u00fcber 75.000 Mitgliedern \u00fcber einen gewaltigen Kundenstamm an Mitgliedern. Du profitierst auf Anhieb von diesen potentiellen Kunden und kannst ohne weitere Marketing Knowhow in das lukrative Gesch\u00e4ft mit dem Duft einsteigen.<\/p>\n<p><strong>Deine Anonymit\u00e4t &amp; Privatshph\u00e4re<\/strong><br \/>\nDeine Privatsph\u00e4re ist immer und zu jeder Zeit 100%ig gesch\u00fctzt, du bleibst also v\u00f6llig anonym. Ein entscheidender Vorteil also gegen\u00fcber einer Internetseite, welche Du &#8222;in Eigenregie&#8220; konzipierst (siehe Impressumspflicht).<\/p>\n<p><strong>Deine Profilcard<\/strong><br \/>\nDie eigene Profilcard bei Crazyslip erm\u00f6glicht es Dir also, Dich selbst anonym darzustellen &#8211; und zwar genauso, wie Du es m\u00f6chtest. Ein erfahrenes Support Team unterst\u00fctzt Dich bei Fragen von Anfang an gerne dabei, damit es Dir gelingt, die Blicke potenzieller Kunden auf Dich bzw. Dein Profil zu ziehen. Spezielle Foto-Workshops werden angeboten, bei denen Du Dich unter anderem dar\u00fcber informieren kannst, wie Du richtig gute, sexy Fotos von Dir machen und auch, wie Du Deine Artikel ansprechend und attraktiv pr\u00e4sentierst. Wertvolle Tipps zur Bildbearbeitung, zur Reduzierung der Bildgr\u00f6\u00dfe, zur Vertiefung der Bildsch\u00e4rfe und vieles, vieles mehr&#8230;: All das und mehr bieten professionelle Foto Workshops unserer W\u00e4sche Community. \u00c4hnlich verlockende M\u00f6glichkeiten bieten im \u00dcbrigen auch unsere Video Workshops. Wenn Du Dich selbst auf dem Erotik-Portal vor der Kamera pr\u00e4sentieren und Deine Vorz\u00fcge gekonnt in Szene setzen willst, um die M\u00e4nnerwelt noch mehr von Dir zu begeistern, sind unsere Video Workshops die ideale M\u00f6glichkeit f\u00fcr Dich! So viel Unterst\u00fctzung wie wir bietet sonst so gut wie niemand.<\/p>\n<p><strong>Deine Mediathek<\/strong><br \/>\nSind die ersten (bewegten) Bilder erst einmal im Kasten, kannst Du auf unserem Portal Deine eigenen Fotos sowie ein Video-Album bereitstellen. Das Besondere dabei: Der Upload von Dateien geht wirklich kinderleicht!<\/p>\n<p><strong>Das Bewertungssystem<br \/>\n<\/strong>Damit Du Deinen (potenziellen) Kunden ebenfalls ein H\u00f6chstma\u00df an Sicherheit bieten kannst, ist ein spezielles Bewertungssystem inkludiert. Somit profitieren unsere User in vollem Umfang von einem Fakeschutz &#8211; und auch Du kannst Dich von Deinen Kunden bewerten lassen. Jeder hat dabei die Chance, ein 1-5-Sterne Ranking zu nutzen &#8211; inklusive Kommentarfunktion. Somit bekommst Du mit Deinen hochwertigen, echten Produkten garantiert jede Menge positives Feedback, und Du schaffst damit gleichzeitig eine gewisse Vertrauensbasis. Ein Grund mehr f\u00fcr viele M\u00e4nner, schon bald erneut Dein Profil zu besuchen und Deine getragenen Slips (und mehr) kaufen zu wollen!<\/p>\n<p><strong>Dein eigenes Shopsystem<\/strong><br \/>\nF\u00fcr Dich d\u00fcrfte au\u00dferdem das wohldurchdachte und sehr attraktiv konzipierte Shopsystem sein. Hier kannst Du vollkommen anonym Deine Slips pr\u00e4sentieren und zum Kauf anbieten, wobei positive Werbetexte selbstverst\u00e4ndlich ebenfalls inklusive sind. Auch unerfahrene Anbieterinnen profitieren somit in besonderer Weise von einer \u00e4u\u00dferst unkomplizierten, einfachen Software, die es erm\u00f6glicht, die erotischen Produkte mit nur wenigen Klicks einzupflegen. Nicht zuletzt steht gleichwohl ein Anzeigenmarkt zur Verf\u00fcgung, in welchem Du zus\u00e4tzlich Werbung f\u00fcr Deine Slips machen kannst. Ein Tipp zum Schluss: Kunden, die Wert auf noch mehr Sicherheit und absoluten Schutz legen, sind gerne bereit, ein wenig mehr daf\u00fcr zu investieren. Unsere Premium Siegel bieten da echte Vorteile.<\/p>\n<p><strong>Rundum-Support<\/strong><br \/>\nOriginale First-Class-Produkte, ein perfekter Rundum-Support, h\u00f6chste Sicherheitsstandards und flexible Bezahlsysteme &#8211; was will man(n) mehr? Unter diesen optimalen Voraussetzungen ist es nicht weiter verwunderlich, dass sich unsere niveauvolle W\u00e4sche Community bei anspruchsvollen Usern einer stetig wachsenden Beliebtheit erfreut&#8230;!<\/p>\n<p><strong>Vorteile Anbieterinnen im \u00dcberblick:<\/strong><\/p>\n<ul>\n<li>Du bleibst v\u00f6llig anonym<\/li>\n<li>Du bekommst Dein eigenes Profil<\/li>\n<li>Du selbst bestimmst den Preis<\/li>\n<li>Eigenes Shopsystem zum einpflegen deiner Produkte<\/li>\n<li>High-Quality-Chat<\/li>\n<li>Video und Alben Funktionen<\/li>\n<li>Erweiterte Suchfunktionen<\/li>\n<li>Direkter Kontakt zu potentiellen W\u00e4schefreunden<\/li>\n<\/ul>\n<p><strong>Vorteile W\u00e4schefreunde im \u00dcberblick:<\/strong><\/p>\n<ul>\n<li>Du bleibst v\u00f6llig anonym<\/li>\n<li>Du bekommst Dein eigenes Profil<\/li>\n<li>Du kannst anonym und diskret Kontakt zu allen Anbieterinnen aufnehmen.<\/li>\n<li>Nutzung des Anzeigenmarktes und des Shops zur Bestellung<\/li>\n<li>High-Quality-Chat<\/li>\n<li>Video und Alben Funktionen<\/li>\n<li>Erweiterte Suchfunktionen<\/li>\n<li>Zugriff auf alle Profile und Alben<\/li>\n<\/ul>\n","protected":false},"excerpt":{"rendered":"<p>Tausende potentielle Kunden Crazyslip verf\u00fcgt mit \u00fcber 75.000 Mitgliedern \u00fcber einen gewaltigen Kundenstamm an Mitgliedern. Du profitierst auf Anhieb von diesen potentiellen Kunden und kannst ohne weitere Marketing Knowhow in das lukrative Gesch\u00e4ft mit dem Duft einsteigen. Deine Anonymit\u00e4t &amp; Privatshph\u00e4re Deine Privatsph\u00e4re ist immer und zu jeder Zeit 100%ig gesch\u00fctzt, du bleibst also v\u00f6llig [&hellip;]<\/p>\n","protected":false},"author":88437,"featured_media":0,"parent":0,"menu_order":0,"comment_status":"open","ping_status":"open","template":"","meta":{"footnotes":""},"class_list":["post-238569","page","type-page","status-publish","hentry"],"_links":{"self":[{"href":"https:\/\/crazyslip.net\/index.php?rest_route=\/wp\/v2\/pages\/238569"}],"collection":[{"href":"https:\/\/crazyslip.net\/index.php?rest_route=\/wp\/v2\/pages"}],"about":[{"href":"https:\/\/crazyslip.net\/index.php?rest_route=\/wp\/v2\/types\/page"}],"author":[{"embeddable":true,"href":"https:\/\/crazyslip.net\/index.php?rest_route=\/wp\/v2\/users\/88437"}],"replies":[{"embeddable":true,"href":"https:\/\/crazyslip.net\/index.php?rest_route=%2Fwp%2Fv2%2Fcomments&post=238569"}],"version-history":[{"count":5,"href":"https:\/\/crazyslip.net\/index.php?rest_route=\/wp\/v2\/pages\/238569\/revisions"}],"predecessor-version":[{"id":238701,"href":"https:\/\/crazyslip.net\/index.php?rest_route=\/wp\/v2\/pages\/238569\/revisions\/238701"}],"wp:attachment":[{"href":"https:\/\/crazyslip.net\/index.php?rest_route=%2Fwp%2Fv2%2Fmedia&parent=238569"}],"curies":[{"name":"wp","href":"https:\/\/api.w.org\/{rel}","templated":true}]}}